{"id":8,"date":"2011-12-14T02:55:39","date_gmt":"2011-12-14T02:55:39","guid":{"rendered":"http:\/\/lions.kcg.is\/?page_id=8"},"modified":"2011-12-14T10:32:54","modified_gmt":"2011-12-14T10:32:54","slug":"1958-1967","status":"publish","type":"page","link":"https:\/\/lions.kcg.is\/?page_id=8","title":{"rendered":"1958-1967"},"content":{"rendered":"<h1 align=\"center\"><\/h1>\n<p><em><strong>1958-1959<\/strong><\/em><br \/>\nKl\u00fabburinn stofna\u00f0ur. Skipa\u00f0 \u00ed nefndir. Ver\u00f0laun veitt barnask\u00f3lanemendum \u00ed hreppnum fyrir g\u00f3\u00f0an n\u00e1ms\u00e1rangur.<\/p>\n<h1 align=\"center\"><\/h1>\n<p><em><strong>1959-1960<\/strong><\/em><br \/>\nFj\u00e1r\u00f6flun: \u00datg\u00e1fa \u00datsvars- og skattskr\u00e1r Njar\u00f0v\u00edkurhrepps.<br \/>\nGengist fyrir uppsetningu umfer\u00f0armerkja vi\u00f0 \u00fej\u00f3\u00f0veginn \u00ed gegnum Ytri Njar\u00f0v\u00edk. Peningaupph\u00e6\u00f0 gefin til sj\u00fakra samborgara og \u00ed s\u00f6fnun vegna sj\u00f3slyss.<\/p>\n<h1 align=\"center\"><\/h1>\n<p><em><strong>1960-1961<\/strong><\/em><br \/>\nFj\u00e1r\u00f6flun: \u00datg\u00e1fa \u00datsvars- og skattskr\u00e1r Njar\u00f0v\u00edkurhrepps.<br \/>\nGangst\u00e9tt l\u00f6g\u00f0 milli Njar\u00f0v\u00edkur og Keflav\u00edkur ( vinnuframlag). Hj\u00f3last\u00f3ll gefinn Keflav\u00edkursj\u00fakrah\u00fasi. J\u00f3lagla\u00f0ningur til fj\u00f6lskyldna \u00ed hreppnum.<\/p>\n<h1 align=\"center\"><\/h1>\n<p><em><strong>1961-1962<\/strong><\/em><br \/>\nFj\u00e1r\u00f6flun: Bing\u00f3spil.<br \/>\nFj\u00f6lskyldum \u00ed hreppnum gefinn j\u00f3lagla\u00f0ningur.<\/p>\n<h1 align=\"center\"><\/h1>\n<p><em><strong>1962-1963<\/strong><\/em><br \/>\nFj\u00e1r\u00f6flun: S\u00e6lg\u00e6tissala.<br \/>\nFj\u00f6lskyldum \u00ed hreppnum gefinn j\u00f3lagla\u00f0ningur.<\/p>\n<h1 align=\"center\"><\/h1>\n<p><em><strong>1963-1964<\/strong><\/em><br \/>\nFj\u00e1r\u00f6flun: Sta\u00f0i\u00f0 fyrir t\u00f3nleikum &#8220;Deep river boys&#8221; .<br \/>\nHaldin j\u00f3latr\u00e9sskemmtun fyrir b\u00f6rn. Gefnar j\u00f3lagjafir til fatla\u00f0ra og til b\u00e1gstaddra barna \u00ed Njar\u00f0v\u00edk. Keypt sj\u00f3nm\u00e6lingart\u00e6ki fyrir barnask\u00f3lann \u00ed Njar\u00f0v\u00edk.<\/p>\n<h1 align=\"center\"><\/h1>\n<p><em><strong>1964-1965<\/strong><\/em><br \/>\nFj\u00e1r\u00f6flun: S\u00f6lus\u00fdning \u00e1 skipal\u00edk\u00f6num, sem f\u00e9lagarnir h\u00f6f\u00f0u sj\u00e1lfir sm\u00ed\u00f0a\u00f0. Sala \u00e1 s\u00e6lg\u00e6ti. J\u00f3latr\u00e9sfagna\u00f0ur haldinn fyrir b\u00f6rn. B\u00e1gst\u00f6ddum veittur j\u00f3lagla\u00f0ningur. Ver\u00f0laun veitt til t\u00f3nlistarsk\u00f3la Keflav\u00edkur. Sta\u00f0i\u00f0 fyrir kynningu \u00e1 fegrun og fr\u00e1gangi l\u00f3\u00f0a.<\/p>\n<h1 align=\"center\"><\/h1>\n<p><em><strong>1965-1966<\/strong><\/em><br \/>\nFj\u00e1r\u00f6flun: S\u00e6lg\u00e6tissala og kabaretts\u00fdning.<br \/>\nGefinn j\u00f3lagla\u00f0ningur. Nemendum \u00ed unglingask\u00f3lanum veitt b\u00f3kaver\u00f0laun. Veittur styrkur til barnaheimilisins a\u00f0 Kumbaravogi.<\/p>\n<h1 align=\"center\"><\/h1>\n<p><em><strong>1966-1967<\/strong><\/em><br \/>\nFj\u00e1r\u00f6flun: S\u00e6lg\u00e6tissala og undirb\u00fain sala \u00e1 hreinsiv\u00f6kva &#8220;HAPPY HAPPY&#8221;.<br \/>\nHaldin j\u00f3latr\u00e9sskemmtun fyrir b\u00f6rn. Foreldri me\u00f0 4 b\u00f6rn a\u00f0sto\u00f0a\u00f0, me\u00f0 vi\u00f0haldi \u00e1 \u00edb\u00fa\u00f0arh\u00fasi \u00feess. J\u00f3lagla\u00f0ningur veittur. Gefi\u00f0 til ver\u00f0launa vi\u00f0 t\u00f3nlistarsk\u00f3lann \u00ed Keflav\u00edk..<\/p>\n<h1 align=\"center\"><\/h1>\n<p><em><strong>1967-1968<\/strong><\/em><br \/>\nFj\u00e1r\u00f6flun: S\u00e6lg\u00e6tissala og sala \u00e1 s\u00e1pulegi.<br \/>\nPeningar gefnir \u00ed sj\u00f3slysas\u00f6fnun. \u00d6ldru\u00f0um og b\u00e1gst\u00f6ddum \u00ed hreppnum veittur fj\u00e1rstu\u00f0ningur fyrir j\u00f3lin.<\/p>\n<h1 align=\"center\"><span style=\"color: #008000;\"><br \/>\n<\/span><\/h1>\n","protected":false},"excerpt":{"rendered":"<p>1958-1959 Kl\u00fabburinn stofna\u00f0ur. Skipa\u00f0 \u00ed nefndir. Ver\u00f0laun veitt barnask\u00f3lanemendum \u00ed hreppnum fyrir g\u00f3\u00f0an n\u00e1ms\u00e1rangur. 1959-1960 Fj\u00e1r\u00f6flun: \u00datg\u00e1fa \u00datsvars- og skattskr\u00e1r Njar\u00f0v\u00edkurhrepps. Gengist fyrir uppsetningu umfer\u00f0armerkja vi\u00f0 \u00fej\u00f3\u00f0veginn \u00ed gegnum Ytri Njar\u00f0v\u00edk. Peningaupph\u00e6\u00f0 gefin til sj\u00fakra samborgara og \u00ed s\u00f6fnun vegna &hellip; <a href=\"https:\/\/lions.kcg.is\/?page_id=8\">Continue reading <span class=\"meta-nav\">&rarr;<\/span><\/a><\/p>\n","protected":false},"author":1,"featured_media":0,"parent":10,"menu_order":1,"comment_status":"closed","ping_status":"closed","template":"","meta":{"footnotes":""},"class_list":["post-8","page","type-page","status-publish","hentry"],"_links":{"self":[{"href":"https:\/\/lions.kcg.is\/index.php?rest_route=\/wp\/v2\/pages\/8","targetHints":{"allow":["GET"]}}],"collection":[{"href":"https:\/\/lions.kcg.is\/index.php?rest_route=\/wp\/v2\/pages"}],"about":[{"href":"https:\/\/lions.kcg.is\/index.php?rest_route=\/wp\/v2\/types\/page"}],"author":[{"embeddable":true,"href":"https:\/\/lions.kcg.is\/index.php?rest_route=\/wp\/v2\/users\/1"}],"replies":[{"embeddable":true,"href":"https:\/\/lions.kcg.is\/index.php?rest_route=%2Fwp%2Fv2%2Fcomments&post=8"}],"version-history":[{"count":4,"href":"https:\/\/lions.kcg.is\/index.php?rest_route=\/wp\/v2\/pages\/8\/revisions"}],"predecessor-version":[{"id":25,"href":"https:\/\/lions.kcg.is\/index.php?rest_route=\/wp\/v2\/pages\/8\/revisions\/25"}],"up":[{"embeddable":true,"href":"https:\/\/lions.kcg.is\/index.php?rest_route=\/wp\/v2\/pages\/10"}],"wp:attachment":[{"href":"https:\/\/lions.kcg.is\/index.php?rest_route=%2Fwp%2Fv2%2Fmedia&parent=8"}],"curies":[{"name":"wp","href":"https:\/\/api.w.org\/{rel}","templated":true}]}}