{"id":22,"date":"2011-12-14T10:32:07","date_gmt":"2011-12-14T10:32:07","guid":{"rendered":"http:\/\/lions.kcg.is\/?page_id=22"},"modified":"2024-02-22T14:36:42","modified_gmt":"2024-02-22T14:36:42","slug":"1998-2007","status":"publish","type":"page","link":"https:\/\/lions.kcg.is\/?page_id=22","title":{"rendered":"1998-2007"},"content":{"rendered":"\n<p><em><strong>1998-1999<\/strong><\/em><br>\nFj\u00e1r\u00f6flun: Happdr\u00e6tti.<br>\nSj\u00faklingur styrktur til Bandar\u00edkjafer\u00f0ar og annar vegna me\u00f0fer\u00f0ar \u00ed Budapest. Framl\u00f6g vegna t\u00e6kjakaupa til me\u00f0fer\u00f0ar \u00e1 bl\u00f6\u00f0ruh\u00e1lskirtli og vegna fyrirbyggjandi fr\u00e6\u00f0slu um f\u00edkniefnaneyslu. Hef\u00f0bundin \u00fej\u00f3nusta vi\u00f0 aldra\u00f0a. \u00de\u00e1tttaka \u00ed verkefninu \u201cRau\u00f0a fj\u00f6\u00f0rin\u201d.<br>\nHef\u00f0bundin vorfer\u00f0 til margra \u00e1ra, \u00ed \u00feetta sinn tveggja daga, um Su\u00f0urland. Vorfundur \u00ed V\u00edk \u00ed M\u00fdrdal.<\/p>\n\n\n\n<p><em><strong>1999-2000<\/strong><\/em><br>\nFj\u00e1r\u00f6flun: Happdr\u00e6tti.<br>\nFramlag til Verkefnasj\u00f3\u00f0s Umd\u00e6mis 109, til Rau\u00f0u fja\u00f0rarinnar, til LCIF $2000 v. tveggja n\u00fdrra Melvin Jones f\u00e9laga, til t\u00f3mstundastarfs aldra\u00f0ra, til t\u00e6kjakaupa \u00e1 Hl\u00e9vangi, til sj\u00faklings \u00ed Njar\u00f0v\u00edk, til fj\u00f6lskyldu vegna s\u00e9rlegra erfi\u00f0leika, t\u00e1knm\u00e1lsn\u00e1mskei\u00f0 f.LEOf\u00e9laga, Orkester Norden ,framlag v. v\u00edmuvarnardagsins 2000, hef\u00f0bundin \u00fej\u00f3nusta vi\u00f0 aldra\u00f0a, Tjarnarsk\u00f3li \u00ed Keflav\u00edk , Kvennak\u00f3r Su\u00f0urnesja , V\u00edmuvarnardagurinn 6.ma\u00ed.<br>\nVorfer\u00f0, 2 dagar, um Su\u00f0urland me\u00f0 gistingu og vorfundi \u00e1 Kirkjub\u00e6jarklaustri.<\/p>\n\n\n\n<p><em><strong>2000-2001<\/strong><\/em><br>\nFj\u00e1r\u00f6flun: Happdr\u00e6tti.<br>\nFramlag til sk\u00f3la fyrir ungar st\u00falkur \u00ed Malawi, 1. \u00e1r af 3, hef\u00f0bundin \u00fej\u00f3nusta vi\u00f0 aldra\u00f0a,<br>\nFramlag til samb\u00fdlis \u00deroskahj\u00e1lpar \u00ed Keflav\u00edk.<br>\nVorfer\u00f0, 2 dagar, um Sn\u00e6fellsnes. Vorfundur \u00ed Stykkish\u00f3lmi.<br>\n2001 \u20132002<br>\nFj\u00e1r\u00f6flun: Happdr\u00e6tti.<br>\nFramlag til kennslu ungra st\u00falkna \u00ed Malawi, 2. \u00e1r af 3, til skur\u00f0stofub\u00fana\u00f0ar Sj\u00fakrah\u00fass Su\u00f0urnesja, til LCIF vegna eins n\u00fds Melvin Jones f\u00e9laga, hef\u00f0bundin \u00fej\u00f3nusta vi\u00f0 aldra\u00f0a. Jeppafer\u00f0 a\u00f0 hausti, undir forystu Gu\u00f0j\u00f3ns \u00d3mars Haukssonar, eins dags fer\u00f0 \u00ed Hrafntinnusker me\u00f0 kv\u00f6ldver\u00f0i \u00ed Veitingah\u00fasinu vi\u00f0 fj\u00f6rubor\u00f0i\u00f0 (Humarh\u00fasinu) \u00e1 Stokkseyri.<br>\nFundahald annars me\u00f0 hef\u00f0bundnu sni\u00f0i, blanda vinnu-, skemmti- fer\u00f0a- og skemmtifunda.<br>\nVorfer\u00f0, tveggja daga, um Su\u00f0urland, Nj\u00e1lusl\u00f3\u00f0ir og v\u00ed\u00f0ar. Vorfundur \u00e1 Hvolsvelli.<\/p>\n\n\n\n<p><em><strong>2002 \u2013 2003<\/strong><\/em><br>\nFramlag til kennslu ungra st\u00falkna \u00ed Malawi, 3. \u00e1r af 3,<br>\nFramlag til sj\u00fakrar konu svo h\u00fan k\u00e6mist heim fr\u00e1 Amer\u00edku til \u00feess a\u00f0 vera vi\u00f0 fermingu d\u00f3ttur sinnar.<br>\nOrchestra Norden framlag. Til LCIF v\/ tveggja n\u00fdrra Melvin Jones f\u00e9laga.<br>\nHef\u00f0bundin \u00fej\u00f3nusta vi\u00f0 aldra\u00f0a.<br>\nJeppafer\u00f0 a\u00f0 hausti undir forystu Gu\u00f0j\u00f3ns \u00d3mars, Fjallabakslei\u00f0 sy\u00f0ri, tveggja daga fer\u00f0 me\u00f0 \u00fatigrilli vi\u00f0 \u00c1lftavatn og gistingu a\u00f0 H\u00f6f\u00f0abrekku.<br>\nVinnufer\u00f0 til Reykjav\u00edkur fyrir umd\u00e6mi 109, sem \u00e1horfendur \u00ed sj\u00f3nvarpssal vi\u00f0 uppt\u00f6ku \u00fe\u00e1ttarins \u201cViltu vinna milj\u00f3n ?\u201d.<br>\nHef\u00f0bundii\u00f0 f\u00e9lagsstarf, vinnu-, fer\u00f0a-, fr\u00e6\u00f0slu- og skemmtifundir svo sem \u00deorrabl\u00f3t.<br>\nVorfer\u00f0 til Borgarness, me\u00f0 vi\u00f0komu \u00ed safnami\u00f0st\u00f6\u00f0inni \u00e1 Akranesi, hj\u00e1 V\u00edrneti hf og \u00e1t\u00f6ppunar-r\u00edkinu \u00ed Borgarnesi en s\u00ed\u00f0an vorfundur \u00fear \u00e1 h\u00f3telinu. Sameiginleg fer\u00f0 me\u00f0 Lkl.\u00c6sum.<\/p>\n\n\n\n<p><em><strong>2003 \u2013 2004<\/strong><\/em><br>\nFj\u00e1r\u00f6flun: Happdr\u00e6tti.<br>\nFj\u00e1rveitingar til: Sj\u00faks barns vegna l\u00e6kningafer\u00f0ar til BNA, Bj\u00f6rgunarsveitarinnar til kaupa \u00e1 g\u00famb\u00e1ti, til Heilbrig\u00f0isstofnunar til kaupa \u00e1 t\u00e6ki til l\u00e6kningar bakfl\u00e6\u00f0is,<br>\nHef\u00f0bundin \u00fej\u00f3nusta vi\u00f0 aldra\u00f0a. Styrkir til fj\u00f6gurra foreldraf\u00e9laga sk\u00f3la \u00ed b\u00e6num.<br>\nEndurn\u00fdju\u00f0, me\u00f0 \u00f6\u00f0rum kl\u00fabbum \u00e1 Su\u00f0urnesjum, gir\u00f0ing vi\u00f0 h\u00fasn\u00e6\u00f0i \u00deroskahj\u00e1lpar \u00ed Reykjanesb\u00e6.<br>\n\u201cRau\u00f0a fj\u00f6\u00f0rin\u201d seld \u00ed Njar\u00f0v\u00edk og H\u00f6fnum \u00ed samvinnu vi\u00f0 Lionskl\u00fabbinn \u00c6su.<br>\nJeppafer\u00f0 a\u00f0 hausti undir forystu Gu\u00f0j\u00f3ns \u00d3mars, Fjallabakslei\u00f0 nyr\u00f0ri, tveggja daga fer\u00f0 me\u00f0 vi\u00f0komu \u00ed Landmannalaugum og Eldgj\u00e1 en gistingu a\u00f0 H\u00f6f\u00f0abrekku. Eki\u00f0 a\u00f0 \u00deakgili vi\u00f0 M\u00e6lifell og s\u00ed\u00f0an ni\u00f0ur me\u00f0 Kerlingardals\u00e1 \u00ed \u00e1tt a\u00f0 Hei\u00f0arvatni, en sn\u00fai\u00f0 fr\u00e1 vegna vatnavaxta.<br>\nHef\u00f0bundi\u00f0 fundahald. Fj\u00f6lmennur \u00deorrafundur \u00ed safna\u00f0arheimili Innri Njar\u00f0v\u00edkur.<br>\nSko\u00f0unarfer\u00f0 \u00e1 Keflav\u00edkurflugv\u00f6ll \u00ed bo\u00f0i flugvallarstj\u00f3ra og Flugst\u00f6\u00f0 Leifs Eir\u00edkssonar sko\u00f0u\u00f0.<br>\nVorfer\u00f0 til F\u00e6reyja 14. til 17.ma\u00ed me\u00f0 sko\u00f0unarfer\u00f0um um Tinganes, Austurey og Kirkjub\u00e6 en lokafundi \u00ed \u00de\u00f3rsh\u00f6fn laugardaginn 15. ma\u00ed.<\/p>\n\n\n\n<p><em><strong>2004 \u2013 2005<\/strong><\/em><br>Fj\u00e1r\u00f6flun: Happdr\u00e6tti.<br>Fj\u00e1rveitingar til m.a.: 12 spora (\u201csober\u201d) h\u00fassins \u00ed Reykjav\u00edk, Gar\u00f0vangs og Hl\u00e9vangs til kaupa \u00e1 lyftib\u00fana\u00f0i fyrir aflvana, til bautasteins vi\u00f0 kirkjuna \u00ed Innri-Njar\u00f0v\u00edk, til athvarfs fyrir ge\u00f0fatla\u00f0a, til \u00edb\u00faa \u00ed b\u00e6num vegna \u00f3v\u00e6nts \u00e1falls, til veiks barns vegna utanfarar til l\u00e6knisme\u00f0fer\u00f0ar, til LCIF vegna hamfaranna vi\u00f0 Indlandshaf.<br>F\u00e9lagi eldri borgara gefinn t\u00f6lvub\u00fana\u00f0ur fyrir Bing\u00f3spil.<br>Vinnuframlag vi\u00f0 a\u00f0 m\u00e1la \u00ed athvarfi ge\u00f0fatla\u00f0ra og f\u00faaverja gir\u00f0ingu umhverfis \u00fea\u00f0..<br>Hef\u00f0bundin \u00fej\u00f3nusta vi\u00f0 eldri borgara.<br>Jeppafer\u00f0 \u00ed okt\u00f3ber um Rang\u00e1r\u00feing; Flj\u00f3tshl\u00ed\u00f0, upp me\u00f0 Markarflj\u00f3ti, um Hvanngil, \u00c1lftavatn, Langv\u00eduhraun, og Vatnsdal til Hvolsvallar \u00fear sem gist var og funda\u00f0 yfir kv\u00f6ldver\u00f0i. Bo\u00f0i\u00f0 var upp \u00e1 haustlitafer\u00f0 daginn eftir \u00ed \u00de\u00f3rsm\u00f6rk, en vegna vatnsve\u00f0urs f\u00f3ru ekki a\u00f0rir \u00feanga\u00f0 en Gu\u00f0j\u00f3n \u00d3mar.<br>Hef\u00f0bundinn sameiginlegur fundur me\u00f0 Lkl. \u00c6su, \u00feorrafundur \u00ed Innri Njar\u00f0v\u00edk, hra\u00f0sk\u00e1km\u00f3t kl\u00fabbf\u00e9laga, sko\u00f0unarfer\u00f0 \u00ed \u00cd\u00fer\u00f3ttah\u00fas Njar\u00f0v\u00edkur, leikh\u00fasfer\u00f0 til Reykjav\u00edkur, \u00fe\u00e1tttaka \u00ed vorh\u00e1t\u00ed\u00f0 5. sv\u00e6\u00f0is \u00ed Sandger\u00f0i. Vorfer\u00f0 til Borgarfjar\u00f0ar og lokafundur \u00ed vei\u00f0ih\u00fasinu vi\u00f0 Gr\u00edms\u00e1.<br>3 n\u00fdir f\u00e9lagar teknir \u00ed kl\u00fabbinn \u00e1 Vorh\u00e1t\u00ed\u00f0inni.<\/p>\n\n\n\n<p><strong>2005 &#8211; 2006<\/strong><br>Fj\u00e1r\u00f6flun: Happdr\u00e6tti.<br>Hef\u00f0bundin \u00fej\u00f3nusta vi\u00f0 aldra\u00f0a. Fj\u00e1rveitingar til 12 spora h\u00fassins \u00ed Reykjav\u00edk, til G\u00f6tusmi\u00f0junnar, styrkir til verkefnasj\u00f3\u00f0s Lionsumd\u00e6misins, til tveggja kvenna sem s\u00f3ttu r\u00e1\u00f0stefnu um sj\u00e1lfsv\u00edg, til fj\u00f6lskyldu vegna veiks barns, til LCIF vegna hamfaranna \u00e1 su\u00f0urstr\u00f6nd Bandar\u00edkjanna, til aldra\u00f0ra vegna vorfer\u00f0ar me\u00f0 s\u00f3knarpresti og til sj\u00faklings vegna utanfarar. \u00de\u00e1 voru gefnar litab\u00e6kur til grunnsk\u00f3labarna og veitt ver\u00f0laun fyrir h\u00e6stu einkunn \u00ed n\u00e1tt\u00farufr\u00e6\u00f0i \u00ed 10. bekk<br>Jeppafer\u00f0 \u00e1 8 jeppum \u00ed okt\u00f3ber \u00ed Vei\u00f0iv\u00f6tn, \u00fear sem fannst snj\u00f3r, en s\u00ed\u00f0an kv\u00f6ldver\u00f0ur og gisting \u00e1 Leirubakka \u00ed Landsveit.<br>7 n\u00fdir f\u00e9lagar teknir \u00ed kl\u00fabbinn \u00e1 j\u00f3lafundinum \u00ed desember. Sameiginlegur fundur me\u00f0 Lkl\u00a0 \u00c6su \u00ed jan\u00faar og \u00feorrafundur\/herrakv\u00f6ld \u00ed febr\u00faar. Heims\u00f3kn \u00ed Hvalsneskirkju, til Lionskl\u00fabbsins Keilis og til G\u00e1ma\u00fej\u00f3nustunnar \u00ed Reykjav\u00edk.<br>Stj\u00f3rnarskipti \u00ed Kaupmannah\u00f6fn \u00ed fj\u00f6gurra daga vorfer\u00f0 \u00feanga\u00f0.<\/p>\n\n\n\n<p><strong>2006 &#8211; 2007<\/strong><br>Fj\u00e1r\u00f6flun: Happdr\u00e6tti.<br>Hef\u00f0bundin \u00fej\u00f3nusta vi\u00f0 aldra\u00f0a. Fj\u00e1rveitingar til a\u00f0standenda manns er l\u00e9st \u00ed b\u00edlslysi,\u00a0<br>Fj\u00e1rveiting vegna Vestfjar\u00f0afer\u00f0ar s\u00f3knarprests me\u00f0 aldra\u00f0a og \u00f6ryrkja.<br>Fj\u00e1rveiting til Sight First verkefnis al\u00fej\u00f3\u00f0asamtaka Lions.<br>Jeppafer\u00f0 \u00ed okt\u00f3ber \u00e1 10 jeppum um Hagavatns-\/Hafrafellslei\u00f0 a\u00f0 Brattholti \u00fear sem sn\u00e6ddur\u00a0 var kv\u00f6ldver\u00f0ur og gist. Heims\u00f3kn \u00ed Reykjanesvirkjun Hitaveitu Su\u00f0urnesja og til Lionskl\u00fabbs Keflav\u00edkur,.<br>J\u00f3lafundur me\u00f0 m\u00f6kum og sameiginlegur fundur me\u00f0 Lkl\u00a0 \u00c6su \u00ed jan\u00faar. \u00deorrafundur\/herrakv\u00f6ld \u00ed febr\u00faar<br>Stj\u00f3rnarskipti 4 ma\u00ed \u00e1 venjulegum fundarsta\u00f0 og s\u00ed\u00f0an sn\u00e6tt af sj\u00e1varr\u00e9ttahla\u00f0bor\u00f0i \u00ed Stapa.<\/p>\n","protected":false},"excerpt":{"rendered":"<p>1998-1999 Fj\u00e1r\u00f6flun: Happdr\u00e6tti. Sj\u00faklingur styrktur til Bandar\u00edkjafer\u00f0ar og annar vegna me\u00f0fer\u00f0ar \u00ed Budapest. Framl\u00f6g vegna t\u00e6kjakaupa til me\u00f0fer\u00f0ar \u00e1 bl\u00f6\u00f0ruh\u00e1lskirtli og vegna fyrirbyggjandi fr\u00e6\u00f0slu um f\u00edkniefnaneyslu. Hef\u00f0bundin \u00fej\u00f3nusta vi\u00f0 aldra\u00f0a. \u00de\u00e1tttaka \u00ed verkefninu \u201cRau\u00f0a fj\u00f6\u00f0rin\u201d. Hef\u00f0bundin vorfer\u00f0 til margra \u00e1ra, &hellip; <a href=\"https:\/\/lions.kcg.is\/?page_id=22\">Continue reading <span class=\"meta-nav\">&rarr;<\/span><\/a><\/p>\n","protected":false},"author":1,"featured_media":0,"parent":10,"menu_order":5,"comment_status":"closed","ping_status":"closed","template":"","meta":{"footnotes":""},"class_list":["post-22","page","type-page","status-publish","hentry"],"_links":{"self":[{"href":"https:\/\/lions.kcg.is\/index.php?rest_route=\/wp\/v2\/pages\/22","targetHints":{"allow":["GET"]}}],"collection":[{"href":"https:\/\/lions.kcg.is\/index.php?rest_route=\/wp\/v2\/pages"}],"about":[{"href":"https:\/\/lions.kcg.is\/index.php?rest_route=\/wp\/v2\/types\/page"}],"author":[{"embeddable":true,"href":"https:\/\/lions.kcg.is\/index.php?rest_route=\/wp\/v2\/users\/1"}],"replies":[{"embeddable":true,"href":"https:\/\/lions.kcg.is\/index.php?rest_route=%2Fwp%2Fv2%2Fcomments&post=22"}],"version-history":[{"count":4,"href":"https:\/\/lions.kcg.is\/index.php?rest_route=\/wp\/v2\/pages\/22\/revisions"}],"predecessor-version":[{"id":307,"href":"https:\/\/lions.kcg.is\/index.php?rest_route=\/wp\/v2\/pages\/22\/revisions\/307"}],"up":[{"embeddable":true,"href":"https:\/\/lions.kcg.is\/index.php?rest_route=\/wp\/v2\/pages\/10"}],"wp:attachment":[{"href":"https:\/\/lions.kcg.is\/index.php?rest_route=%2Fwp%2Fv2%2Fmedia&parent=22"}],"curies":[{"name":"wp","href":"https:\/\/api.w.org\/{rel}","templated":true}]}}